{"id":14247,"date":"2025-08-11T01:03:57","date_gmt":"2025-08-10T17:03:57","guid":{"rendered":"https:\/\/www.cll.ncnu.edu.tw\/?page_id=14247"},"modified":"2025-08-14T18:47:50","modified_gmt":"2025-08-14T10:47:50","slug":"shieru-bo-professor","status":"publish","type":"page","link":"https:\/\/www.cll.ncnu.edu.tw\/?page_id=14247","title":{"rendered":"Shie,Ru-Bo Professor"},"content":{"rendered":"<div id=\"pl-14247\"  class=\"panel-layout\" ><div id=\"pg-14247-0\"  class=\"panel-grid panel-no-style\" ><div id=\"pgc-14247-0-0\"  class=\"panel-grid-cell panel-grid-cell-empty\" ><\/div><\/div><div id=\"pg-14247-1\"  class=\"panel-grid panel-has-style\" ><div class=\"siteorigin-panels-stretch panel-row-style panel-row-style-for-14247-1\" data-stretch-type=\"full-stretched\" ><div id=\"pgc-14247-1-0\"  class=\"panel-grid-cell panel-grid-cell-empty\" ><\/div><div id=\"pgc-14247-1-1\"  class=\"panel-grid-cell\" ><div id=\"panel-14247-1-1-0\" class=\"so-panel widget widget_siteorigin-panels-builder panel-first-child panel-last-child\" data-index=\"0\" ><div id=\"pl-w689daf0fc362c\"  class=\"panel-layout\" ><div id=\"pg-w689daf0fc362c-0\"  class=\"panel-grid panel-no-style\" ><div id=\"pgc-w689daf0fc362c-0-0\"  class=\"panel-grid-cell\" ><div id=\"panel-w689daf0fc362c-0-0-0\" class=\"so-panel widget widget_sow-button panel-first-child\" data-index=\"0\" ><div\n\t\t\t\n\t\t\tclass=\"so-widget-sow-button so-widget-sow-button-flat-d4cf1b1c6509\"\n\t\t\t\n\t\t><div class=\"ow-button-base ow-button-align-center\">\n\t<a\n\thref=\"https:\/\/www.cll.ncnu.edu.tw\/?page_id=722\"\n\t\tclass=\"ow-icon-placement-left ow-button-hover\" \t>\n\t\t<span>\n\t\t\t\n\t\t\tNg, Kim-Chew Professor Emeritus\t\t<\/span>\n\t<\/a>\n<\/div>\n<\/div><\/div><div id=\"panel-w689daf0fc362c-0-0-1\" class=\"so-panel widget widget_sow-button\" data-index=\"1\" ><div\n\t\t\t\n\t\t\tclass=\"so-widget-sow-button so-widget-sow-button-flat-d4cf1b1c6509\"\n\t\t\t\n\t\t><div class=\"ow-button-base ow-button-align-center\">\n\t<a\n\thref=\"https:\/\/www.cll.ncnu.edu.tw\/?page_id=804\"\n\t\tclass=\"ow-icon-placement-left ow-button-hover\" \t>\n\t\t<span>\n\t\t\t\n\t\t\tChen, Cheng-Fan Professor and Chair\t\t<\/span>\n\t<\/a>\n<\/div>\n<\/div><\/div><div id=\"panel-w689daf0fc362c-0-0-2\" class=\"so-panel widget widget_sow-button\" data-index=\"2\" ><div\n\t\t\t\n\t\t\tclass=\"so-widget-sow-button so-widget-sow-button-flat-d4cf1b1c6509\"\n\t\t\t\n\t\t><div class=\"ow-button-base ow-button-align-center\">\n\t<a\n\thref=\"https:\/\/www.cll.ncnu.edu.tw\/?page_id=13883\"\n\t\tclass=\"ow-icon-placement-left ow-button-hover\" \t>\n\t\t<span>\n\t\t\t\n\t\t\tTseng, Shou-Jen Distinguished Professor\t\t<\/span>\n\t<\/a>\n<\/div>\n<\/div><\/div><div id=\"panel-w689daf0fc362c-0-0-3\" class=\"so-panel widget widget_sow-button\" data-index=\"3\" ><div\n\t\t\t\n\t\t\tclass=\"so-widget-sow-button so-widget-sow-button-flat-d4cf1b1c6509\"\n\t\t\t\n\t\t><div class=\"ow-button-base ow-button-align-center\">\n\t<a\n\thref=\"https:\/\/www.cll.ncnu.edu.tw\/?page_id=792\"\n\t\tclass=\"ow-icon-placement-left ow-button-hover\" \t>\n\t\t<span>\n\t\t\t\n\t\t\tLiu, Heng-Hsing Professor\t\t<\/span>\n\t<\/a>\n<\/div>\n<\/div><\/div><div id=\"panel-w689daf0fc362c-0-0-4\" class=\"so-panel widget widget_sow-button\" data-index=\"4\" ><div\n\t\t\t\n\t\t\tclass=\"so-widget-sow-button so-widget-sow-button-flat-d4cf1b1c6509\"\n\t\t\t\n\t\t><div class=\"ow-button-base ow-button-align-center\">\n\t<a\n\thref=\"https:\/\/www.cll.ncnu.edu.tw\/?page_id=14247\"\n\t\tclass=\"ow-icon-placement-left ow-button-hover\" \t>\n\t\t<span>\n\t\t\t\n\t\t\tShie, Ru-Bo Professor\t\t<\/span>\n\t<\/a>\n<\/div>\n<\/div><\/div><div id=\"panel-w689daf0fc362c-0-0-5\" class=\"so-panel widget widget_sow-button\" data-index=\"5\" ><div\n\t\t\t\n\t\t\tclass=\"so-widget-sow-button so-widget-sow-button-flat-d4cf1b1c6509\"\n\t\t\t\n\t\t><div class=\"ow-button-base ow-button-align-center\">\n\t<a\n\thref=\"https:\/\/www.cll.ncnu.edu.tw\/?page_id=839\"\n\t\tclass=\"ow-icon-placement-left ow-button-hover\" \t>\n\t\t<span>\n\t\t\t\n\t\t\tHuang, Sin Yu Professor\t\t<\/span>\n\t<\/a>\n<\/div>\n<\/div><\/div><div id=\"panel-w689daf0fc362c-0-0-6\" class=\"so-panel widget widget_sow-button\" data-index=\"6\" ><div\n\t\t\t\n\t\t\tclass=\"so-widget-sow-button so-widget-sow-button-flat-d4cf1b1c6509\"\n\t\t\t\n\t\t><div class=\"ow-button-base ow-button-align-center\">\n\t<a\n\thref=\"https:\/\/www.cll.ncnu.edu.tw\/?page_id=699\"\n\t\tclass=\"ow-icon-placement-left ow-button-hover\" \t>\n\t\t<span>\n\t\t\t\n\t\t\tTao, Yu-Pu Associate Professor\t\t<\/span>\n\t<\/a>\n<\/div>\n<\/div><\/div><div id=\"panel-w689daf0fc362c-0-0-7\" class=\"so-panel widget widget_sow-button\" data-index=\"7\" ><div\n\t\t\t\n\t\t\tclass=\"so-widget-sow-button so-widget-sow-button-flat-d4cf1b1c6509\"\n\t\t\t\n\t\t><div class=\"ow-button-base ow-button-align-center\">\n\t<a\n\thref=\"https:\/\/www.cll.ncnu.edu.tw\/?page_id=800\"\n\t\tclass=\"ow-icon-placement-left ow-button-hover\" \t>\n\t\t<span>\n\t\t\t\n\t\t\tHuang, Chin-Wen Associate Professor\t\t<\/span>\n\t<\/a>\n<\/div>\n<\/div><\/div><div id=\"panel-w689daf0fc362c-0-0-8\" class=\"so-panel widget widget_sow-button\" data-index=\"8\" ><div\n\t\t\t\n\t\t\tclass=\"so-widget-sow-button so-widget-sow-button-flat-d4cf1b1c6509\"\n\t\t\t\n\t\t><div class=\"ow-button-base ow-button-align-center\">\n\t<a\n\thref=\"https:\/\/www.cll.ncnu.edu.tw\/?page_id=14308\"\n\t\tclass=\"ow-icon-placement-left ow-button-hover\" \t>\n\t\t<span>\n\t\t\t\n\t\t\tChen, Mei-Lan Associate Professor\t\t<\/span>\n\t<\/a>\n<\/div>\n<\/div><\/div><div id=\"panel-w689daf0fc362c-0-0-9\" class=\"so-panel widget widget_sow-button\" data-index=\"9\" ><div\n\t\t\t\n\t\t\tclass=\"so-widget-sow-button so-widget-sow-button-flat-d4cf1b1c6509\"\n\t\t\t\n\t\t><div class=\"ow-button-base ow-button-align-center\">\n\t<a\n\thref=\"https:\/\/www.cll.ncnu.edu.tw\/?page_id=14285\"\n\t\tclass=\"ow-icon-placement-left ow-button-hover\" \t>\n\t\t<span>\n\t\t\t\n\t\t\tHsiao, Min-Ru Associate Professor\t\t<\/span>\n\t<\/a>\n<\/div>\n<\/div><\/div><div id=\"panel-w689daf0fc362c-0-0-10\" class=\"so-panel widget widget_sow-button\" data-index=\"10\" ><div\n\t\t\t\n\t\t\tclass=\"so-widget-sow-button so-widget-sow-button-flat-d4cf1b1c6509\"\n\t\t\t\n\t\t><div class=\"ow-button-base ow-button-align-center\">\n\t<a\n\thref=\"https:\/\/www.cll.ncnu.edu.tw\/?page_id=845\"\n\t\tclass=\"ow-icon-placement-left ow-button-hover\" \t>\n\t\t<span>\n\t\t\t\n\t\t\tChen, Chien-Ming Assistant Professor\t\t<\/span>\n\t<\/a>\n<\/div>\n<\/div><\/div><div id=\"panel-w689daf0fc362c-0-0-11\" class=\"so-panel widget widget_sow-button\" data-index=\"11\" ><div\n\t\t\t\n\t\t\tclass=\"so-widget-sow-button so-widget-sow-button-flat-d4cf1b1c6509\"\n\t\t\t\n\t\t><div class=\"ow-button-base ow-button-align-center\">\n\t<a\n\thref=\"https:\/\/www.cll.ncnu.edu.tw\/?page_id=14262\"\n\t\tclass=\"ow-icon-placement-left ow-button-hover\" \t>\n\t\t<span>\n\t\t\t\n\t\t\tChen, Hui-Yu Assistant Professor\t\t<\/span>\n\t<\/a>\n<\/div>\n<\/div><\/div><div id=\"panel-w689daf0fc362c-0-0-12\" class=\"so-panel widget widget_sow-button\" data-index=\"12\" ><div\n\t\t\t\n\t\t\tclass=\"so-widget-sow-button so-widget-sow-button-flat-d4cf1b1c6509\"\n\t\t\t\n\t\t><div class=\"ow-button-base ow-button-align-center\">\n\t<a\n\thref=\"https:\/\/www.cll.ncnu.edu.tw\/?page_id=5168\"\n\t\tclass=\"ow-icon-placement-left ow-button-hover\" \t>\n\t\t<span>\n\t\t\t\n\t\t\tHsu, Hsiu-Ching Assistant Professor\t\t<\/span>\n\t<\/a>\n<\/div>\n<\/div><\/div><div id=\"panel-w689daf0fc362c-0-0-13\" class=\"so-panel widget widget_sow-button panel-last-child\" data-index=\"13\" ><div\n\t\t\t\n\t\t\tclass=\"so-widget-sow-button so-widget-sow-button-flat-8e8fc3c794c8\"\n\t\t\t\n\t\t><div class=\"ow-button-base ow-button-align-center\">\n\t<a\n\thref=\"https:\/\/www.cll.ncnu.edu.tw\/?page_id=761\"\n\t\tclass=\"ow-icon-placement-left ow-button-hover\" \t>\n\t\t<span>\n\t\t\t\n\t\t\tYang, Yu-Cheng Professor\t\t<\/span>\n\t<\/a>\n<\/div>\n<\/div><\/div><\/div><\/div><\/div><\/div><\/div><div id=\"pgc-14247-1-2\"  class=\"panel-grid-cell panel-grid-cell-mobile-last\" ><div id=\"panel-14247-1-2-0\" class=\"so-panel widget widget_sow-headline panel-first-child\" data-index=\"1\" ><div\n\t\t\t\n\t\t\tclass=\"so-widget-sow-headline so-widget-sow-headline-default-88f290953a4d-14247 so-widget-fittext-wrapper\"\n\t\t\t data-fit-text-compressor=\"0.85\"\n\t\t><div class=\"sow-headline-container \">\n\t<h1 class='sow-headline'>Shie,Ru-Bo Professor<\/h1>\t\t\t\t\t<div class=\"decoration\">\n\t\t\t\t\t\t<div class=\"decoration-inside\"><\/div>\n\t\t\t\t\t<\/div>\n\t\t\t\t\t<\/div>\n<\/div><\/div><div id=\"panel-14247-1-2-1\" class=\"so-panel widget widget_siteorigin-panels-builder panel-last-child\" data-index=\"2\" ><div id=\"pl-w689dbd9405fdc\"  class=\"panel-layout\" ><div id=\"pg-w689dbd9405fdc-0\"  class=\"panel-grid panel-no-style\" ><div id=\"pgc-w689dbd9405fdc-0-0\"  class=\"panel-grid-cell\" ><div id=\"panel-w689dbd9405fdc-0-0-0\" class=\"so-panel widget widget_text panel-first-child\" data-index=\"0\" ><h3 class=\"widget-title\">Contact Information<\/h3>\t\t\t<div class=\"textwidget\"><p>Research Office : A525<br \/>\nTel. : 2733<br \/>\nEmail : rbshie@ncnu.edu.tw<\/p>\n<\/div>\n\t\t<\/div><div id=\"panel-w689dbd9405fdc-0-0-1\" class=\"so-panel widget widget_text\" data-index=\"1\" ><h3 class=\"widget-title\">Professional Experience<\/h3>\t\t\t<div class=\"textwidget\"><ul>\n<li>Professor, Department of Chinese Language and Literature at National Chi-Nan\u00a0 University<\/li>\n<li>Associate Professor, Department of Chinese Language and Literature at National Chi-Nan\u00a0 University<\/li>\n<li>Assistant Professor, Department of Chinese Language and Literature at National Chi-Nan\u00a0 University<\/li>\n<li class=\"p1\"><span class=\"s1\">Adjunct Lecturer, Department of Chinese Literature, Shih Hsin University<\/span><\/li>\n<\/ul>\n<\/div>\n\t\t<\/div><div id=\"panel-w689dbd9405fdc-0-0-2\" class=\"so-panel widget widget_text panel-last-child\" data-index=\"2\" ><h3 class=\"widget-title\">Courses Taught<\/h3>\t\t\t<div class=\"textwidget\"><p class=\"p1\"><span class=\"s1\">History of Chinese Thought, <\/span><span class=\"s1\">Selected Readings in Wei\u2013Jin Xuanxue, <\/span><span class=\"s1\">Laozi,\u00a0<\/span><span class=\"s1\">Daoist Thought and the Wisdom of Life, <\/span><span class=\"s1\">Liezi<\/span><span class=\"s1\">, <\/span><span class=\"s1\">Introduction to Chinese Culture, <\/span><span class=\"s1\">Yan Family Instructions<\/span><span class=\"s2\"> (<\/span><span class=\"s3\">Yan Shi Jia Xun<\/span><span class=\"s2\">), <\/span><span class=\"s1\">Zhuangzi, <\/span><span class=\"s1\">The Platform Sutra of the Sixth Patriarch, <\/span><span class=\"s1\">Selected Readings in Buddhist Scriptures, <\/span><span class=\"s1\">Buddhist Studies in the Wei\u2013Jin Period, <\/span><span class=\"s1\">Chinese Literature, <\/span><span class=\"s1\">A New Account of the Tales of the World<\/span><span class=\"s2\"> (<\/span><span class=\"s3\">Shishuo Xinyu<\/span><span class=\"s2\">), <\/span><span class=\"s1\">Introduction to Buddhism, <\/span><span class=\"s1\">Mozi, <\/span><span class=\"s1\">Baopuzi, <\/span><span class=\"s1\">Special Topics in Wei\u2013Jin Xuanxue<\/span><\/p>\n<p>&nbsp;<\/p>\n<\/div>\n\t\t<\/div><\/div><div id=\"pgc-w689dbd9405fdc-0-1\"  class=\"panel-grid-cell\" ><div id=\"panel-w689dbd9405fdc-0-1-0\" class=\"so-panel widget widget_sow-image panel-first-child\" data-index=\"3\" ><div\n\t\t\t\n\t\t\tclass=\"so-widget-sow-image so-widget-sow-image-default-8b5b6f678277\"\n\t\t\t\n\t\t>\n\n<div class=\"sow-image-container\">\n\t\t<img decoding=\"async\" src=\"http:\/\/project.ncnu.edu.tw\/ncnureads\/wp-content\/uploads\/2018\/01\/XieRuBo.jpg\" title=\"Shie,Ru-Bo Professor\" alt=\"\" loading=\"lazy\" \t\tclass=\"so-widget-image\"\/>\n\t<\/div>\n\n<\/div><\/div><div id=\"panel-w689dbd9405fdc-0-1-1\" class=\"so-panel widget widget_text panel-last-child\" data-index=\"4\" ><h3 class=\"widget-title\">Education<\/h3>\t\t\t<div class=\"textwidget\"><div>\n<ul>\n<li>Ph.D., Department of Chinese Literature, National Taiwan University<\/li>\n<li>M.A., Department of Chinese Literature, National Taiwan University<\/li>\n<li>B.A.,Department of Chinese Literature, National Taiwan University<\/li>\n<\/ul>\n<\/div>\n<p>&nbsp;<\/p>\n<\/div>\n\t\t<\/div><\/div><\/div><div id=\"pg-w689dbd9405fdc-1\"  class=\"panel-grid panel-no-style\" ><div id=\"pgc-w689dbd9405fdc-1-0\"  class=\"panel-grid-cell\" ><div id=\"panel-w689dbd9405fdc-1-0-0\" class=\"so-panel widget widget_text panel-first-child\" data-index=\"5\" ><h3 class=\"widget-title\">Journal Articles<\/h3>\t\t\t<div class=\"textwidget\"><div>\n<ul>\n<li style=\"font-weight: 400;\">Shie, Ru-Bo, \u201cThe Thought of Buddha-Nature in Huida\u2019s Commentary on Zhao Lun\u201d, , Tamkang Journal of Chinese Literature 49(2023.12), pp71-104.<\/li>\n<li style=\"font-weight: 400;\">Shie, Ru-Bo,\u201dTracelessness of Sages \u2014 The Mirror Image Interpretation of Guo Xiang\u2019s View of Ji Ming\u201d, Journal of Chinese Literature of National Cheng Kung University 70(2020.9), pp.1-36<\/li>\n<li style=\"font-weight: 400;\">Shie, Ru-Bo, \u201cThe Thought of Praj\u00f1\u0101 in Huida\u2019s Commentary on Zhao Lun\u201d, Bulletin Of The Department Of Chinese Literature National Taiwan University 69(2020.6), pp.85-120.<\/li>\n<li style=\"font-weight: 400;\">Shie, Ru-Bo, \u201cReturn to Uncarved Status: Study of Xiang Xiu\u2019s Mind and Nature on Commentary of Zhuangzi\u201d, Literature &amp; Philosophy 32(2018.6), pp.105-134.<\/li>\n<li style=\"font-weight: 400;\">Shie, Ru-Bo, \u201cRuan Ji\u2019s Concept of Mind and Nature\u2014Stabilize of Mind and enuine Nature\u201d, Tamkang Journal of Chinese Literature 35(2016.12), pp243-276.<\/li>\n<li style=\"font-weight: 400;\">Shie, Ru-Bo, \u201cThe Theory of Soteriology and of Human Nature inWang Bi\u2019s Thought of\u201cZi Ran and Ming Jiao\u201d, Tamkang Journal of Chinese Literature 31(2014.12), pp.55-89.<\/li>\n<li style=\"font-weight: 400;\">Shie, Ru-Bo, \u201cRuan Ji\u2019s Concept of Mind and Nature \u2014Stabilize of Mind and Genuine Nature\u201d, Soochow Journal of Chinese Studies 28(2014.11), pp.1-26.<\/li>\n<li style=\"font-weight: 400;\">Shie, Ru-Bo, \u201cZhang Zhan&#8217;s Theory of Mind and Nature: State of No Thoughts and Cultivation of No Mind\u201d, Bulletin Of The Department Of Chinese Literature National Taiwan University 44(2014.3), pp.1-42.<\/li>\n<li style=\"font-weight: 400;\">Shie, Ru-Bo, \u201cGuo Xiang&#8217;s Concept of Mind and Nature\u201d, Bulletin Of The Department Of Chinese Literature National Taiwan University 39(2012.12), pp.71-104.<\/li>\n<li style=\"font-weight: 400;\">Shie, Ru-Bo, \u201cGuo Xiang\u2019s Theories of Wuxin and Wangjing\u201d, Chinese Studies 30:4(2012.12), pp.1-34.<\/li>\n<li style=\"font-weight: 400;\">Shie, Ru-Bo, \u201c\u201dShen\u201d and \u201cZhen\u201d: Wang Bi\u2019s Theory of Mind and Humanity\u201d, Literature &amp; Philosophy 17(2010.12), pp.47-82.<\/li>\n<li style=\"font-weight: 400;\">Shie, Ru-Bo, \u201cTo Live Life as an End to Itself or as a Tool: The Arguments and Concerns in Yang Zhu&#8217;s Theory\u201d, Bulletin Of The Department Of Chinese Literature National Taiwan University 29(2008.12). pp125-156.<\/li>\n<li style=\"font-weight: 400;\">Shie, Ru-Bo, \u201cFrom the Mah\u0101parinirv\u0101na-S\u016btra and Zhongsheng zhengyin to Shen Yue\u2019s Theory of the Immortal Soul: The Relation between Buddha-nature and Xingshen\u201d, Bulletin Of The Department Of Chinese Literature National Taiwan University 22(2005.6), pp269-312.<\/li>\n<li style=\"font-weight: 400;\">Shie, Ru-Bo, \u201cLishenming chengfo yiji by Emperer Wu of Liang Dynasty:The Conclusion of the Body-Spirit Debate and the Transformation to buddhadh\u0101tu\u201d, Chinese Studies 22:2(2004.12). pp211-244.<\/li>\n<li style=\"font-weight: 400;\">Shie, Ru-Bo, \u201cThe \u201cSelf-Origination\u201d In the Thought of Guo Xiang\u201d, Studies In Chinese Literature 16(2002.6), pp.71-94.<\/li>\n<li><span style=\"font-weight: 400;\">Shie, Ru-Bo, \u201cThe Four Chapters of Guanzi \u2014 &#8220;Xinshu Shang,&#8221; &#8220;Xinshu Xia,&#8221; &#8220;Baixin,&#8221; and &#8220;Neiye&#8221; \u2014 A Probe into the Concepts of &#8220;Dao&#8221; and &#8220;Qi&#8221;\u201d, Studies In Chinese Literature 12(1998.5), pp167-184.<\/span><\/li>\n<\/ul>\n<\/div>\n<\/div>\n\t\t<\/div><div id=\"panel-w689dbd9405fdc-1-0-1\" class=\"so-panel widget widget_text\" data-index=\"6\" ><h3 class=\"widget-title\">Conference Papers<\/h3>\t\t\t<div class=\"textwidget\"><ul>\n<li style=\"font-weight: 400;\">Shie, Ru-Bo, \u201cAre the Nirm\u0101nak\u0101yas Real or Illusory? Differences in the Concepts of Dharmak\u0101ya and Its Manifestations between Seng Zhao and Zhu Daosheng\u201d. The 7th International Academic Symposium on Literature and Thought of the Wei, Jin, Southern and Northern Dynasties, Department of Chinese Literature, National Cheng Kung University, 2024.4.27\uff0cpp.1-42.<\/li>\n<li style=\"font-weight: 400;\">Shie, Ru-Bo, \u201cLayered Narratives of &#8220;Destiny&#8221;: A Brief Discussion on Yasushi Inoue&#8217;s &#8220;Confucius&#8221;\u201d, &#8220;2023 Taiwan International Confucianism Academic Forum&#8221;, National Chi Nan University\/Taiwan Confucius Institute Society, 2023.10.5, pp.1-19.<\/li>\n<li style=\"font-weight: 400;\">Shie, Ru-Bo, \u201cStart with Miyazaki ichisada&#8217;s interpretation of \u201cThe Analects of Confucius\u201d\u201d, 2022 Taiwan International Confucianism Academic Forum&#8221;, National Chin-Yi University of Technology\/Taiwan Confucius Institute\/National Chi Nan University\/Da Yeh University, 2022.9.23, pp.1-19.<\/li>\n<li style=\"font-weight: 400;\">Shie, Ru-Bo, \u201cThe Thoughts of Dharma-k\u0101ya and It\u2019s Reactions to Sentiment Beings in Huida\u2019s Commentary on Zhao Lun\u201d, 2020 International Academic Conference on Buddhist Literature and Documents&#8221;, Department of Chinese Literature, National Chengchi University \/ Institute of Literature and Philosophy, Academia Sinica \/ College of Humanities, Fo Guang University \/ Hiroshima University, Japan, 2020.11.28, pp.1-20.<\/li>\n<li style=\"font-weight: 400;\">Shie, Ru-Bo, \u201c\u201dKo-yi\u201d in Huida\u2019s Commentary on Zhao Lun\u201d, 2014 International Academic Conference on East Asian Buddhist Thought and Culture, Center for Buddhist Studies, College of Liberal Arts, National Taiwan University, 2014.10, pp.1-25<\/li>\n<li style=\"font-weight: 400;\">Shie, Ru-Bo, \u201c\u201dShen\u201d and \u201cZhen\u201d: Wang Bi\u2019s Theory of Mind and Humanity\u201d, &#8220;Sun Moon Gathering &#8211; Chinese Language and Literature Teachers&#8217; Paper Presentation Conference&#8221;, Department of Chinese Language and Literature, National Chi Nan University, 2009.11, pp.1-29.<\/li>\n<li style=\"font-weight: 400;\">Shie, Ru-Bo, \u201cSengzhao&#8217;s Concept of \u201cShen\u201d and \u201cShen-Ming\u201d\u201d, International Academic Conference on &#8220;Buddhist Thought and Literature&#8221;, National Taiwan University College of Liberal Arts and Center for Buddhist Studies \/ College of Foreign Languages, National University of Mongolia, 2008.11, pp.412-429.<\/li>\n<li><span style=\"font-weight: 400;\">Shie, Ru-Bo, \u201cAn Analysis of the Theory of Mind and Nature in the Guodian Bamboo Slips\u201d, The 1st &#8220;Academic Symposium on Excavated Documents&#8221;, Institute of History and Philology, Academia Sinica, 2000.8, pp.1-12.<\/span><\/li>\n<\/ul>\n<\/div>\n\t\t<\/div><div id=\"panel-w689dbd9405fdc-1-0-2\" class=\"so-panel widget widget_text\" data-index=\"7\" ><h3 class=\"widget-title\">Dissertations and Books<\/h3>\t\t\t<div class=\"textwidget\"><ul>\n<li>\n<p style=\"font-weight: 400;\">Shie, Ru-Bo, \u201cA Study on the Concept of &#8220;Ming&#8221; and Related Issues in Liezi\u201d, Master&#8217;s thesis, Department of Chinese Literature, National Taiwan University, 1999.5, pp.1-154.<\/p>\n<\/li>\n<li>\n<div><span lang=\"EN-US\">\u201cFrom the Thoughts of Shenbumie to Buddhadh\u0101tu Theories: A Study on the Buddhist Thoughts of &#8220;Subject&#8221; of the Six Dynasties\u201d, PhD thesis, National Taiwan University, 2006.7, pp.1-560.<\/span><\/div>\n<\/li>\n<\/ul>\n<\/div>\n\t\t<\/div><div id=\"panel-w689dbd9405fdc-1-0-3\" class=\"so-panel widget widget_text\" data-index=\"8\" ><h3 class=\"widget-title\">NSC \/ MOST Research Projects<\/h3>\t\t\t<div class=\"textwidget\"><ul>\n<li style=\"font-weight: 400;\">Shie, Ru-Bo, Shen and Zhen: A Research on Wang-Bi&#8217;s Theory of Humanity, NSC 98-2410-H-260 -002\uff0c2009.8-2010.7.<\/li>\n<li style=\"font-weight: 400;\">Shie, Ru-Bo, Shen Ming and Wu-Shin\uff1aA Research on Guo-Xiang\u2019s Theory of Mind and Humanity, NSC 99-2410-H-260 -068\uff0c2010.8-20117.<\/li>\n<li style=\"font-weight: 400;\">Shie, Ru-Bo, Shen Shin\uff1aA Research on Zhang-Zhan\u2019s Theory of Mind and Humanity, NSC 100-2410-H-260 -034\uff0c2011.8-2012.7.<\/li>\n<li style=\"font-weight: 400;\">Shie, Ru-Bo, Ning Shen and Pu\uff1aJi Kang\uff07s Theory of Mind and Humanity, NSC 101-2410-H-260 -030\uff0c2012.8-2013.7.<\/li>\n<li style=\"font-weight: 400;\">Shie, Ru-Bo, A study on Ruan Ji&#8217;s theory of Mind and Humanity, NSC 102-2410-H-260 -041\uff0c2013.8-2014.7.<\/li>\n<li style=\"font-weight: 400;\">Shie, Ru-Bo, A study on Xiang Xiu&#8217;s theory of Mind and Humanity in the Commentary of Zhuang Zi, MOST 103-2410-H-260 -027\uff0c2014.8-2015.7.<\/li>\n<li style=\"font-weight: 400;\">Shie, Ru-Bo, Sages Have No Traces: A Study on Guo Xiang&#8217;s theory of Ji and Ming, MOST 104-2410-H-260-033\uff0c2015.8-2016.7.<\/li>\n<li style=\"font-weight: 400;\">Shie, Ru-Bo, Shin and Dharmakya: A Research on Huida\u2019s Thought in his Commentary on Zhao Lun, MOST 105-2410-H-260-039\uff0c2016.8-2017.7.<\/li>\n<li style=\"font-weight: 400;\">Shie, Ru-Bo, Responses are from sentiment beings: A research on ben-ji concepts focused on Seng Zhao, MOST 106-2410-H-260-034\uff0c2017.8-2018.7.<\/li>\n<li style=\"font-weight: 400;\">Shie, Ru-Bo, A Research on Huida&#8217;s Thought of Nirva in his Commentary on ZhaoLun, MOST108-2410-H260-025\uff0c2019.8-2020.7.<\/li>\n<li style=\"font-weight: 400;\">Shie, Ru-Bo, The nirmnakyas are unreal: A New research on Zhu Daosheng\u2019s thoughts of dharmakya, MOST109-2410-H260-033\uff0c2020.8-2021.7.<\/li>\n<li style=\"font-weight: 400;\">Shie, Ru-Bo, The Thoughts of ben-Ji, dharmakya and nirmnakya of of the Nirva<\/li>\n<li style=\"font-weight: 400;\">School Schlars in the Collective Commentary of Mahparinirva Stra,focused on Bao Liang, MOST110-2410-H260-025\uff0c2021.8-2022.7.<\/li>\n<li style=\"font-weight: 400;\">Shie, Ru-Bo, Research on Sengchao&#8217;s Thoughts in His Commentary of Vimalakrti-<span style=\"font-weight: 400;\">Nirdea-Stra, NSTC 112-2410-H-260 -031 -MY2<\/span><span style=\"font-weight: 400;\">\uff0c<\/span><span style=\"font-weight: 400;\">2023.8-2025.7.<\/span><\/li>\n<\/ul>\n<\/div>\n\t\t<\/div><div id=\"panel-w689dbd9405fdc-1-0-4\" class=\"so-panel widget widget_text\" data-index=\"9\" ><h3 class=\"widget-title\">MOE Supported Projects<\/h3>\t\t\t<div class=\"textwidget\"><div><span lang=\"EN-US\">Shie, Ru-Bo, &#8220;Happy Reading and Writing: National Chi Nan University&#8217;s Chinese Reading and Writing Curriculum Reform Plan,&#8221; Project: [Basic Language and Multicultural Competence Development Plan &#8211; School-wide Chinese Reading and Writing Curriculum Reform Promotion Plan (Category B)], implemented by the Department of Chinese Language and Literature, National Chi Nan University, served as project leader, 2015.8 &#8211; 2016.7<\/span><\/div>\n<\/div>\n\t\t<\/div><div id=\"panel-w689dbd9405fdc-1-0-5\" class=\"so-panel widget widget_text panel-last-child\" data-index=\"10\" >\t\t\t<div class=\"textwidget\"><ul>\n<li><a href=\"https:\/\/scholar.google.com.tw\/citations?user=la29ddkAAAAJ&amp;hl=zh-TW&amp;fbclid=IwAR2r1w6BmmrXdBjJ9x1az17GGTzYoPyqQ-NitsMhDw-dfFVdVDXY2G3Hhe4\" target=\"_blank\" rel=\"noopener\"><strong>Google Scholar \u9023\u7d50<\/strong><\/a><\/li>\n<\/ul>\n<\/div>\n\t\t<\/div><\/div><\/div><\/div><\/div><\/div><div id=\"pgc-14247-1-3\"  class=\"panel-grid-cell panel-grid-cell-empty\" ><\/div><\/div><\/div><div id=\"pg-14247-2\"  class=\"panel-grid panel-no-style\" ><div id=\"pgc-14247-2-0\"  class=\"panel-grid-cell\" ><div id=\"panel-14247-2-0-0\" class=\"so-panel widget widget_sow-headline panel-first-child panel-last-child\" data-index=\"3\" ><div\n\t\t\t\n\t\t\tclass=\"so-widget-sow-headline so-widget-sow-headline-default-ea0af4cf39ae-14247\"\n\t\t\t\n\t\t><div class=\"sow-headline-container \">\n\t\t\t\t\t\t<div class=\"decoration\">\n\t\t\t\t\t\t<div class=\"decoration-inside\"><\/div>\n\t\t\t\t\t<\/div>\n\t\t\t\t\t<\/div>\n<\/div><\/div><\/div><\/div><\/div>","protected":false},"excerpt":{"rendered":"<p>Ng, Kim-Chew Professor Emeritus Chen, Ch <a href=\"https:\/\/www.cll.ncnu.edu.tw\/?page_id=14247\" class=\"read-more\">Read More &#8230;<\/a><\/p>\n","protected":false},"author":14,"featured_media":0,"parent":12348,"menu_order":5,"comment_status":"closed","ping_status":"closed","template":"","meta":{"pgc_meta":"","footnotes":""},"class_list":["post-14247","page","type-page","status-publish","hentry"],"pgc_meta":"","_links":{"self":[{"href":"https:\/\/www.cll.ncnu.edu.tw\/index.php?rest_route=\/wp\/v2\/pages\/14247","targetHints":{"allow":["GET"]}}],"collection":[{"href":"https:\/\/www.cll.ncnu.edu.tw\/index.php?rest_route=\/wp\/v2\/pages"}],"about":[{"href":"https:\/\/www.cll.ncnu.edu.tw\/index.php?rest_route=\/wp\/v2\/types\/page"}],"author":[{"embeddable":true,"href":"https:\/\/www.cll.ncnu.edu.tw\/index.php?rest_route=\/wp\/v2\/users\/14"}],"replies":[{"embeddable":true,"href":"https:\/\/www.cll.ncnu.edu.tw\/index.php?rest_route=%2Fwp%2Fv2%2Fcomments&post=14247"}],"version-history":[{"count":14,"href":"https:\/\/www.cll.ncnu.edu.tw\/index.php?rest_route=\/wp\/v2\/pages\/14247\/revisions"}],"predecessor-version":[{"id":14376,"href":"https:\/\/www.cll.ncnu.edu.tw\/index.php?rest_route=\/wp\/v2\/pages\/14247\/revisions\/14376"}],"up":[{"embeddable":true,"href":"https:\/\/www.cll.ncnu.edu.tw\/index.php?rest_route=\/wp\/v2\/pages\/12348"}],"wp:attachment":[{"href":"https:\/\/www.cll.ncnu.edu.tw\/index.php?rest_route=%2Fwp%2Fv2%2Fmedia&parent=14247"}],"curies":[{"name":"wp","href":"https:\/\/api.w.org\/{rel}","templated":true}]}}